{"id":3297,"date":"2014-10-13T22:54:49","date_gmt":"2014-10-13T22:54:49","guid":{"rendered":"http:\/\/www.cadenapirenaica.com\/web\/?page_id=3297"},"modified":"2025-10-08T19:26:52","modified_gmt":"2025-10-08T19:26:52","slug":"produccions-audiovisuals","status":"publish","type":"page","link":"https:\/\/www.cadenapirenaica.com\/web\/serveis-cadena-pirenaica\/produccions-audiovisuals\/","title":{"rendered":"Produccions audiovisuals"},"content":{"rendered":"<div id='av_section_1'  class='avia-section av-17vs2ip-eaf62fc5eb832d2debbd8d4b017d03c7 main_color avia-section-no-padding avia-no-shadow  avia-builder-el-0  el_before_av_section  avia-builder-el-first  avia-bg-style-scroll container_wrap fullsize'  ><div class='container av-section-cont-open' ><main  role=\"main\" itemprop=\"mainContentOfPage\"  class='template-page content  av-content-full alpha units'><div class='post-entry post-entry-type-page post-entry-3297'><div class='entry-content-wrapper clearfix'>\n\n<style type=\"text\/css\" data-created_by=\"avia_inline_auto\" id=\"style-css-av-15omx2p-721d120bac09d83a982b451c2ac12e32\">\n.avia-image-container.av-15omx2p-721d120bac09d83a982b451c2ac12e32 img.avia_image{\nbox-shadow:none;\n}\n.avia-image-container.av-15omx2p-721d120bac09d83a982b451c2ac12e32 .av-image-caption-overlay-center{\ncolor:#ffffff;\n}\n<\/style>\n<div  class='avia-image-container av-15omx2p-721d120bac09d83a982b451c2ac12e32 av-styling- avia-align-center  avia-builder-el-1  avia-builder-el-no-sibling '   itemprop=\"image\" itemscope=\"itemscope\" itemtype=\"https:\/\/schema.org\/ImageObject\" ><div class=\"avia-image-container-inner\"><div class=\"avia-image-overlay-wrap\"><img decoding=\"async\" class='wp-image-3658 avia-img-lazy-loading-not-3658 avia_image ' src=\"https:\/\/www.cadenapirenaica.com\/web\/wp-content\/uploads\/2014\/10\/5.jpg\" alt='' title=''  height=\"180\" width=\"1210\"  itemprop=\"thumbnailUrl\" srcset=\"https:\/\/www.cadenapirenaica.com\/web\/wp-content\/uploads\/2014\/10\/5.jpg 1210w, https:\/\/www.cadenapirenaica.com\/web\/wp-content\/uploads\/2014\/10\/5-300x44.jpg 300w, https:\/\/www.cadenapirenaica.com\/web\/wp-content\/uploads\/2014\/10\/5-1030x153.jpg 1030w, https:\/\/www.cadenapirenaica.com\/web\/wp-content\/uploads\/2014\/10\/5-705x104.jpg 705w, https:\/\/www.cadenapirenaica.com\/web\/wp-content\/uploads\/2014\/10\/5-450x66.jpg 450w\" sizes=\"(max-width: 1210px) 100vw, 1210px\" \/><\/div><\/div><\/div>\n\n<\/div><\/div><\/main><!-- close content main element --><\/div><\/div><div id='av_section_2'  class='avia-section av-157scnl-f2c9022fec8371186e2a229ac1d692a9 main_color avia-section-default avia-no-shadow  avia-builder-el-2  el_after_av_section  el_before_av_section  avia-bg-style-scroll container_wrap fullsize'  ><div class='container av-section-cont-open' ><div class='template-page content  av-content-full alpha units'><div class='post-entry post-entry-type-page post-entry-3297'><div class='entry-content-wrapper clearfix'>\n\n<style type=\"text\/css\" data-created_by=\"avia_inline_auto\" id=\"style-css-av-133n0dt-ddcd109f7258acc5254da01905947bf1\">\n#top .av_textblock_section.av-133n0dt-ddcd109f7258acc5254da01905947bf1 .avia_textblock{\nfont-size:16px;\n}\n<\/style>\n<section  class='av_textblock_section av-133n0dt-ddcd109f7258acc5254da01905947bf1 '   itemscope=\"itemscope\" itemtype=\"https:\/\/schema.org\/CreativeWork\" ><div class='avia_textblock'  itemprop=\"text\" ><p><span lang=\"ca-ES\">Cadena Pirenaica disposa d\u2019un equip de professionals per a la realitzaci\u00f3 i distribuci\u00f3 de productes audiovisuals claus en m\u00e0, des d\u2019espots o programes de televisi\u00f3 fins a serveis de comunicaci\u00f3 corporativa, interna i p\u00fablica.\u00a0<\/span>Disposem d&#8217;estudis propis per enregistrament de r\u00e0dio, doblatge, televisi\u00f3 i publicitat a Andorra i Catalunya.<\/p>\n<\/div><\/section>\n\n<\/div><\/div><\/div><!-- close content main div --><\/div><\/div><div id='av_section_3'  class='avia-section av-11okntt-212daf98f053600b09f33c03cc83c8e6 main_color avia-section-default avia-no-shadow  avia-builder-el-4  el_after_av_section  el_before_av_section  avia-bg-style-scroll container_wrap fullsize'  ><div class='container av-section-cont-open' ><div class='template-page content  av-content-full alpha units'><div class='post-entry post-entry-type-page post-entry-3297'><div class='entry-content-wrapper clearfix'>\n\n<style type=\"text\/css\" data-created_by=\"avia_inline_auto\" id=\"style-css-av-104mzjl-50bb83264fe5a3950298551156ad4c2c\">\n.flex_column.av-104mzjl-50bb83264fe5a3950298551156ad4c2c{\nborder-radius:6px0 6px0 6px0 6px0;\npadding:0px 0px 0px 0px;\n}\n<\/style>\n<div  class='flex_column av-104mzjl-50bb83264fe5a3950298551156ad4c2c av_one_full  avia-builder-el-5  el_before_av_one_full  avia-builder-el-first  first flex_column_div av-zero-column-padding  '     ><p>\n<style type=\"text\/css\" data-created_by=\"avia_inline_auto\" id=\"style-css-av-xauxoh-72f05ebacd7e432e746a3448e274c807\">\n#top .av-special-heading.av-xauxoh-72f05ebacd7e432e746a3448e274c807{\npadding-bottom:10px;\n}\nbody .av-special-heading.av-xauxoh-72f05ebacd7e432e746a3448e274c807 .av-special-heading-tag .heading-char{\nfont-size:25px;\n}\n.av-special-heading.av-xauxoh-72f05ebacd7e432e746a3448e274c807 .av-subheading{\nfont-size:15px;\n}\n<\/style>\n<div  class='av-special-heading av-xauxoh-72f05ebacd7e432e746a3448e274c807 av-special-heading-h3  avia-builder-el-6  el_before_av_textblock  avia-builder-el-first '><h3 class='av-special-heading-tag'  itemprop=\"headline\"  >Comunicaci\u00f3 corporativa:<\/h3><div class=\"special-heading-border\"><div class=\"special-heading-inner-border\"><\/div><\/div><\/div><br \/>\n<section  class='av_textblock_section av-vtqn35-71c3a8f26b74d349de0e1df0d84169e4 '   itemscope=\"itemscope\" itemtype=\"https:\/\/schema.org\/CreativeWork\" ><div class='avia_textblock'  itemprop=\"text\" ><p><strong>Tots els mitjans d\u2019un gran grup, al servei de la teva empresa.<\/strong><\/p>\n<\/div><\/section><br \/>\n<section  class='av_textblock_section av-u6vash-a916a863fb73a960f3835da6aa81ad4c '   itemscope=\"itemscope\" itemtype=\"https:\/\/schema.org\/CreativeWork\" ><div class='avia_textblock'  itemprop=\"text\" ><ul>\n<li>Gabinet de premsa (not\u00edcies corporatives, entrevistes, reportatges, i peces a demanda)<\/li>\n<li>Cobertura informativa d\u2019actes (local o internacional)<\/li>\n<li>Gravaci\u00f3 i retransmissions en directe d\u2019actes de tot tipus (rodes de premsa, confer\u00e8ncies, fires, espectacles, congressos)<\/li>\n<li>Postproducci\u00f3. Proporcionem el producte final a partir de material audiovisual propi o del client.<\/li>\n<li>Servei fotogr\u00e0fic.\u00a0Captaci\u00f3 i retoc d\u2019images amb finalitats publicit\u00e0ries o informatives.<\/li>\n<li>V\u00eddeo corporatiu, institucional o d\u2019\u00fas intern.<\/li>\n<li>Servei fotogr\u00e0fic.\u00a0Captaci\u00f3 i retoc d\u2019images amb finalitats publicit\u00e0ries o informatives.<\/li>\n<li>Canals de TV tem\u00e0tics i corporatius. Creaci\u00f3, producci\u00f3 i manteniment.<\/li>\n<\/ul>\n<\/div><\/section><\/p><\/div>\n<style type=\"text\/css\" data-created_by=\"avia_inline_auto\" id=\"style-css-av-tm09r5-f759f7b0ae93f9d99dccee2d5c9f7437\">\n.flex_column.av-tm09r5-f759f7b0ae93f9d99dccee2d5c9f7437{\nborder-radius:0px 0px 0px 0px;\npadding:0px 0px 0px 0px;\n}\n<\/style>\n<div  class='flex_column av-tm09r5-f759f7b0ae93f9d99dccee2d5c9f7437 av_one_full  avia-builder-el-9  el_after_av_one_full  el_before_av_one_full  first flex_column_div av-zero-column-padding  column-top-margin'     ><p>\n<style type=\"text\/css\" data-created_by=\"avia_inline_auto\" id=\"style-css-av-2pbssx-4edf6ee046c27f34cecb8044f8ee1999\">\n#top .av-special-heading.av-2pbssx-4edf6ee046c27f34cecb8044f8ee1999{\npadding-bottom:10px;\n}\nbody .av-special-heading.av-2pbssx-4edf6ee046c27f34cecb8044f8ee1999 .av-special-heading-tag .heading-char{\nfont-size:25px;\n}\n.av-special-heading.av-2pbssx-4edf6ee046c27f34cecb8044f8ee1999 .av-subheading{\nfont-size:15px;\n}\n<\/style>\n<div  class='av-special-heading av-2pbssx-4edf6ee046c27f34cecb8044f8ee1999 av-special-heading-h3  avia-builder-el-10  el_before_av_textblock  avia-builder-el-first '><h3 class='av-special-heading-tag'  itemprop=\"headline\"  >Programes:<\/h3><div class=\"special-heading-border\"><div class=\"special-heading-inner-border\"><\/div><\/div><\/div><br \/>\n<section  class='av_textblock_section av-pa5f0h-db6ee0d2c29706deed34527434a56517 '   itemscope=\"itemscope\" itemtype=\"https:\/\/schema.org\/CreativeWork\" ><div class='avia_textblock'  itemprop=\"text\" ><p><strong>Elaborem continguts a mida per la teva marca.<\/strong><\/p>\n<\/div><\/section><br \/>\n<section  class='av_textblock_section av-oqijhd-219b13bd9179a138c9215b07e5e36a95 '   itemscope=\"itemscope\" itemtype=\"https:\/\/schema.org\/CreativeWork\" ><div class='avia_textblock'  itemprop=\"text\" ><ul>\n<li>Programes i s\u00e8ries. Serveis de creaci\u00f3, planificaci\u00f3, execuci\u00f3 i control.<\/li>\n<li>Documentals. Des de la concepci\u00f3 fins a l\u2019estrena.<\/li>\n<li>Programes especialitzats. De la idea del format a la producci\u00f3 i l\u2019emissi\u00f3, sempre amb els teus objectius de comunicaci\u00f3 com a eix.<\/li>\n<li>Serveis de producci\u00f3 per a rodatges.\u00a0Oferim servei t\u00e8cnic i staff per auxiliar produccions alienes.<\/li>\n<li>Contractaci\u00f3. Disponibilitat per feines espec\u00edfiques.<\/li>\n<li>Serveis meteorol\u00f2gics.\u00a0Projectes de r\u00e0dio, televisi\u00f3 i Internet amb tecnologia multim\u00e8dia i servei 24\/7, amb el suport de BIA.<\/li>\n<\/ul>\n<\/div><\/section><\/p><\/div>\n<style type=\"text\/css\" data-created_by=\"avia_inline_auto\" id=\"style-css-av-mkobup-bbd4d69763f9d959491b06d516325775\">\n.flex_column.av-mkobup-bbd4d69763f9d959491b06d516325775{\nborder-radius:0px 0px 0px 0px;\npadding:0px 0px 0px 0px;\n}\n<\/style>\n<div  class='flex_column av-mkobup-bbd4d69763f9d959491b06d516325775 av_one_full  avia-builder-el-13  el_after_av_one_full  el_before_av_one_third  first flex_column_div av-zero-column-padding  column-top-margin'     ><p>\n<style type=\"text\/css\" data-created_by=\"avia_inline_auto\" id=\"style-css-av-kf81rl-af7f71e2b41ec5ae20bcaecd73c508cb\">\n#top .av-special-heading.av-kf81rl-af7f71e2b41ec5ae20bcaecd73c508cb{\npadding-bottom:10px;\n}\nbody .av-special-heading.av-kf81rl-af7f71e2b41ec5ae20bcaecd73c508cb .av-special-heading-tag .heading-char{\nfont-size:25px;\n}\n.av-special-heading.av-kf81rl-af7f71e2b41ec5ae20bcaecd73c508cb .av-subheading{\nfont-size:15px;\n}\n<\/style>\n<div  class='av-special-heading av-kf81rl-af7f71e2b41ec5ae20bcaecd73c508cb av-special-heading-h3  avia-builder-el-14  el_before_av_textblock  avia-builder-el-first '><h3 class='av-special-heading-tag'  itemprop=\"headline\"  >\u00c0udio corporatiu:<\/h3><div class=\"special-heading-border\"><div class=\"special-heading-inner-border\"><\/div><\/div><\/div><br \/>\n<section  class='av_textblock_section av-jc8l2p-387390e2190accf88cc0ac98345cdebd '   itemscope=\"itemscope\" itemtype=\"https:\/\/schema.org\/CreativeWork\" ><div class='avia_textblock'  itemprop=\"text\" ><p><strong>M\u00fasica sense taxes per ambientar el teu negoci.<\/strong><\/p>\n<\/div><\/section><br \/>\n<section  class='av_textblock_section av-hww5v5-4f976243802dddae6c58f3b3c7c6aa30 '   itemscope=\"itemscope\" itemtype=\"https:\/\/schema.org\/CreativeWork\" ><div class='avia_textblock'  itemprop=\"text\" ><ul>\n<li>Emet a la megafonia del teu negoci un dels nostres 5 canals de m\u00fasica 24 hores i estalvia fins a un 90% del que pagaries a les societats de gesti\u00f3.<br \/>\nIdeal per a qualsevol negoci, oficina, local comercial o espai p\u00fablic.<br \/>\nO creem per a tu un canal amb m\u00fasica comercial (subjecte al pagament de drets).<\/li>\n<li>Personalitza el teu canal 100% a mida: amb indicatius, falques i avisos de servei o comercials.<br \/>\nProgramable directament pel tu o el nostre equip.<br \/>\nRep el senyal mitjan\u00e7ant qualsevol dispositiu connectat a Internet (ordinador, tablet, m\u00f2bil\u2026) o b\u00e9 amb el nostre receptor Lisa LCD equipat amb tarja SD i apte per a \u00fas offline.<\/li>\n<li>Prova ara el servei: <a href=\"http:\/\/www.filmusical.com\" target=\"_blank\" rel=\"noopener\">filmusical.com<\/a><\/li>\n<\/ul>\n<\/div><\/section><\/p><\/div>\n<style type=\"text\/css\" data-created_by=\"avia_inline_auto\" id=\"style-css-av-fmg9q9-e2c5c1b45314aa9f4ad02f3635ef2ecb\">\n.flex_column.av-fmg9q9-e2c5c1b45314aa9f4ad02f3635ef2ecb{\nborder-radius:0px 0px 0px 0px;\npadding:0px 0px 0px 0px;\n}\n<\/style>\n<div  class='flex_column av-fmg9q9-e2c5c1b45314aa9f4ad02f3635ef2ecb av_one_third  avia-builder-el-17  el_after_av_one_full  el_before_av_one_third  first flex_column_div av-zero-column-padding  column-top-margin'     ><style type=\"text\/css\" data-created_by=\"avia_inline_auto\" id=\"style-css-av-dzkaa9-2be66170aff5e2c1a4bf200c801c7287\">\n.avia-image-container.av-dzkaa9-2be66170aff5e2c1a4bf200c801c7287 img.avia_image{\nbox-shadow:none;\n}\n.avia-image-container.av-dzkaa9-2be66170aff5e2c1a4bf200c801c7287 .av-image-caption-overlay-center{\ncolor:#ffffff;\n}\n<\/style>\n<div  class='avia-image-container av-dzkaa9-2be66170aff5e2c1a4bf200c801c7287 av-styling- avia-align-center  avia-builder-el-18  avia-builder-el-no-sibling '   itemprop=\"image\" itemscope=\"itemscope\" itemtype=\"https:\/\/schema.org\/ImageObject\" ><div class=\"avia-image-container-inner\"><div class=\"avia-image-overlay-wrap\"><img decoding=\"async\" class='wp-image-5361 avia-img-lazy-loading-not-5361 avia_image ' src=\"https:\/\/www.cadenapirenaica.com\/web\/wp-content\/uploads\/2018\/11\/tax-free-music-300x300-180x180.jpg\" alt='' title='tax-free-music'  height=\"180\" width=\"180\"  itemprop=\"thumbnailUrl\" srcset=\"https:\/\/www.cadenapirenaica.com\/web\/wp-content\/uploads\/2018\/11\/tax-free-music-300x300-180x180.jpg 180w, https:\/\/www.cadenapirenaica.com\/web\/wp-content\/uploads\/2018\/11\/tax-free-music-300x300-80x80.jpg 80w, https:\/\/www.cadenapirenaica.com\/web\/wp-content\/uploads\/2018\/11\/tax-free-music-300x300-36x36.jpg 36w, https:\/\/www.cadenapirenaica.com\/web\/wp-content\/uploads\/2018\/11\/tax-free-music-300x300-120x120.jpg 120w, https:\/\/www.cadenapirenaica.com\/web\/wp-content\/uploads\/2018\/11\/tax-free-music-300x300.jpg 300w\" sizes=\"(max-width: 180px) 100vw, 180px\" \/><\/div><\/div><\/div><\/div>\n<style type=\"text\/css\" data-created_by=\"avia_inline_auto\" id=\"style-css-av-bw2y7l-832e24b1e9ce5483ba405888ef7f3617\">\n.flex_column.av-bw2y7l-832e24b1e9ce5483ba405888ef7f3617{\nborder-radius:0px 0px 0px 0px;\npadding:0px 0px 0px 0px;\n}\n<\/style>\n<div  class='flex_column av-bw2y7l-832e24b1e9ce5483ba405888ef7f3617 av_one_third  avia-builder-el-19  el_after_av_one_third  avia-builder-el-last  flex_column_div av-zero-column-padding  column-top-margin'     ><style type=\"text\/css\" data-created_by=\"avia_inline_auto\" id=\"style-css-av-bhmjn5-e8cd77017c171f92c7dbb0c355f3c6a2\">\n.avia-image-container.av-bhmjn5-e8cd77017c171f92c7dbb0c355f3c6a2 img.avia_image{\nbox-shadow:none;\n}\n.avia-image-container.av-bhmjn5-e8cd77017c171f92c7dbb0c355f3c6a2 .av-image-caption-overlay-center{\ncolor:#ffffff;\n}\n<\/style>\n<div  class='avia-image-container av-bhmjn5-e8cd77017c171f92c7dbb0c355f3c6a2 av-styling- avia-align-center  avia-builder-el-20  avia-builder-el-no-sibling '   itemprop=\"image\" itemscope=\"itemscope\" itemtype=\"https:\/\/schema.org\/ImageObject\" ><div class=\"avia-image-container-inner\"><div class=\"avia-image-overlay-wrap\"><a href=\"http:\/\/www.filmusical.com\" class='avia_image' target=\"_blank\" rel=\"noopener noreferrer\" aria-label='fil-musical'><img decoding=\"async\" class='wp-image-4411 avia-img-lazy-loading-not-4411 avia_image ' src=\"https:\/\/www.cadenapirenaica.com\/web\/wp-content\/uploads\/2014\/10\/fil-musical.png\" alt='' title='fil-musical'  height=\"200\" width=\"300\"  itemprop=\"thumbnailUrl\"  \/><\/a><\/div><\/div><\/div><\/div>\n\n<\/div><\/div><\/div><!-- close content main div --><\/div><\/div><div id='av_section_4'  class='avia-section av-9ihw01-e4f580094d1a546b3328a5a50aedde72 main_color avia-section-default avia-no-shadow  avia-builder-el-21  el_after_av_section  el_before_av_section  avia-bg-style-scroll container_wrap fullsize'  ><div class='container av-section-cont-open' ><div class='template-page content  av-content-full alpha units'><div class='post-entry post-entry-type-page post-entry-3297'><div class='entry-content-wrapper clearfix'>\n<div  class='avia-button-wrap av-72x0wx-dae5309465c83fae52f6707c8f47dc95-wrap avia-button-center  avia-builder-el-22  avia-builder-el-no-sibling '><a href='https:\/\/www.cadenapirenaica.com\/web\/contactar\/'  class='avia-button av-72x0wx-dae5309465c83fae52f6707c8f47dc95 avia-icon_select-yes-left-icon avia-size-large avia-position-center avia-color-theme-color'  ><span class='avia_button_icon avia_button_icon_left' aria-hidden='true' data-av_icon='\ue812' data-av_iconfont='entypo-fontello'><\/span><span class='avia_iconbox_title' >Contacta amb el teu Assessor de Comunicaci\u00f3<\/span><\/a><\/div>\n<\/div><\/div><\/div><!-- close content main div --><\/div><\/div><div id='av_section_5'  class='avia-section av-5oiw9t-2ab661b36d986d72bca3e90436d532fb main_color avia-section-default avia-no-shadow  avia-builder-el-23  el_after_av_section  avia-builder-el-last  avia-bg-style-scroll container_wrap fullsize'  ><div class='container av-section-cont-open' ><div class='template-page content  av-content-full alpha units'><div class='post-entry post-entry-type-page post-entry-3297'><div class='entry-content-wrapper clearfix'>\n\n<style type=\"text\/css\" data-created_by=\"avia_inline_auto\" id=\"style-css-av-46n60x-5a4cc9aa48fa347a37e46d2f20d18493\">\n.flex_column.av-46n60x-5a4cc9aa48fa347a37e46d2f20d18493{\nborder-radius:0px 0px 0px 0px;\npadding:0px 0px 0px 0px;\n}\n<\/style>\n<div  class='flex_column av-46n60x-5a4cc9aa48fa347a37e46d2f20d18493 av_two_third  avia-builder-el-24  avia-builder-el-no-sibling  first flex_column_div av-zero-column-padding  '     ><div  class='av_promobox av-2jmw9d-b46b5f146b650aa14bb406eaa38fc514 avia-button-yes  avia-builder-el-25  avia-builder-el-no-sibling '><div class='avia-promocontent'><p>\nDossier de produccions audiovisuals 2024-25<\/p>\n<\/div><div  class='avia-button-wrap av-2jmw9d-cdd8df553ab8ac6e8952f39608f62670-wrap avia-button-right '><a href='https:\/\/www.cadenapirenaica.com\/web\/wp-content\/uploads\/2025\/09\/DOSSIER-COMERCIAL-PIRINEUTV-UM.pdf'  class='avia-button av-2jmw9d-cdd8df553ab8ac6e8952f39608f62670 avia-icon_select-no avia-size-large avia-position-right avia-color-theme-color'  target=\"_blank\"  rel=\"noopener noreferrer\" ><span class='avia_iconbox_title' >Descarregar en PDF<\/span><\/a><\/div><\/div><\/div>\n<\/p>\n","protected":false},"excerpt":{"rendered":"","protected":false},"author":1,"featured_media":0,"parent":1302,"menu_order":0,"comment_status":"open","ping_status":"open","template":"","meta":[],"_links":{"self":[{"href":"https:\/\/www.cadenapirenaica.com\/web\/wp-json\/wp\/v2\/pages\/3297"}],"collection":[{"href":"https:\/\/www.cadenapirenaica.com\/web\/wp-json\/wp\/v2\/pages"}],"about":[{"href":"https:\/\/www.cadenapirenaica.com\/web\/wp-json\/wp\/v2\/types\/page"}],"author":[{"embeddable":true,"href":"https:\/\/www.cadenapirenaica.com\/web\/wp-json\/wp\/v2\/users\/1"}],"replies":[{"embeddable":true,"href":"https:\/\/www.cadenapirenaica.com\/web\/wp-json\/wp\/v2\/comments?post=3297"}],"version-history":[{"count":3,"href":"https:\/\/www.cadenapirenaica.com\/web\/wp-json\/wp\/v2\/pages\/3297\/revisions"}],"predecessor-version":[{"id":6670,"href":"https:\/\/www.cadenapirenaica.com\/web\/wp-json\/wp\/v2\/pages\/3297\/revisions\/6670"}],"up":[{"embeddable":true,"href":"https:\/\/www.cadenapirenaica.com\/web\/wp-json\/wp\/v2\/pages\/1302"}],"wp:attachment":[{"href":"https:\/\/www.cadenapirenaica.com\/web\/wp-json\/wp\/v2\/media?parent=3297"}],"curies":[{"name":"wp","href":"https:\/\/api.w.org\/{rel}","templated":true}]}}